{"id":8,"date":"2026-04-13T18:36:50","date_gmt":"2026-04-13T18:36:50","guid":{"rendered":"https:\/\/marialindalemos.com.br\/?page_id=8"},"modified":"2026-04-14T16:56:08","modified_gmt":"2026-04-14T16:56:08","slug":"inicio","status":"publish","type":"page","link":"https:\/\/marialindalemos.com.br\/","title":{"rendered":"inicio"},"content":{"rendered":"\t\t<div data-elementor-type=\"wp-page\" data-elementor-id=\"8\" class=\"elementor elementor-8\" data-elementor-post-type=\"page\">\n\t\t\t\t<div class=\"elementor-element elementor-element-7e6789c e-con-full e-flex e-con e-parent\" data-id=\"7e6789c\" data-element_type=\"container\" data-e-type=\"container\" data-settings=\"{&quot;background_background&quot;:&quot;classic&quot;}\">\n\t\t\t\t<div class=\"elementor-element elementor-element-24de625 elementor-widget elementor-widget-heading\" data-id=\"24de625\" data-element_type=\"widget\" data-e-type=\"widget\" data-widget_type=\"heading.default\">\n\t\t\t\t\t<h2 class=\"elementor-heading-title elementor-size-default\">Maria Linda Lemos Bezerra<\/h2>\t\t\t\t<\/div>\n\t\t\t\t<\/div>\n\t\t<div class=\"elementor-element elementor-element-af38704 e-flex e-con-boxed e-con e-parent\" data-id=\"af38704\" data-element_type=\"container\" data-e-type=\"container\">\n\t\t\t\t\t<div class=\"e-con-inner\">\n\t\t\t\t<div class=\"elementor-element elementor-element-ae019d8 elementor-widget elementor-widget-heading\" data-id=\"ae019d8\" data-element_type=\"widget\" data-e-type=\"widget\" data-widget_type=\"heading.default\">\n\t\t\t\t\t<h2 class=\"elementor-heading-title elementor-size-default\">Publica\u00e7\u00f5es Pr\u00f3prias<\/h2>\t\t\t\t<\/div>\n\t\t\t\t<div class=\"elementor-element elementor-element-52d005f e-con e-atomic-element e-flexbox-base e-52d005f-b6f745d\" data-id=\"52d005f\" data-element_type=\"e-flexbox\" data-e-type=\"e-flexbox\" data-interaction-id=\"52d005f\" data-e-type=\"e-flexbox\" data-id=\"52d005f\">\n\t\t\t\t<div class=\"elementor-element elementor-element-4ca20a3 e-con e-atomic-element e-flexbox-base e-4ca20a3-265c6be\" data-id=\"4ca20a3\" data-element_type=\"e-flexbox\" data-e-type=\"e-flexbox\" data-interaction-id=\"4ca20a3\" data-e-type=\"e-flexbox\" data-id=\"4ca20a3\">\n\t\t\t\t<div class=\"elementor-element elementor-element-9113f24 elementor-widget elementor-widget-image\" data-id=\"9113f24\" data-element_type=\"widget\" data-e-type=\"widget\" data-widget_type=\"image.default\">\n\t\t\t\t\t\t\t\t\t\t\t\t\t\t\t<img fetchpriority=\"high\" decoding=\"async\" width=\"233\" height=\"300\" src=\"https:\/\/marialindalemos.com.br\/wp-content\/uploads\/2026\/04\/544147127_18404981380190836_5898692499584562996_n-233x300.jpg\" class=\"attachment-medium size-medium wp-image-70\" alt=\"\" srcset=\"https:\/\/marialindalemos.com.br\/wp-content\/uploads\/2026\/04\/544147127_18404981380190836_5898692499584562996_n-233x300.jpg 233w, https:\/\/marialindalemos.com.br\/wp-content\/uploads\/2026\/04\/544147127_18404981380190836_5898692499584562996_n-795x1024.jpg 795w, https:\/\/marialindalemos.com.br\/wp-content\/uploads\/2026\/04\/544147127_18404981380190836_5898692499584562996_n-768x989.jpg 768w, https:\/\/marialindalemos.com.br\/wp-content\/uploads\/2026\/04\/544147127_18404981380190836_5898692499584562996_n-1192x1536.jpg 1192w, https:\/\/marialindalemos.com.br\/wp-content\/uploads\/2026\/04\/544147127_18404981380190836_5898692499584562996_n.jpg 1440w\" sizes=\"(max-width: 233px) 100vw, 233px\" \/>\t\t\t\t\t\t\t\t\t\t\t\t\t\t\t<\/div>\n\t\t\t\t<div class=\"elementor-element elementor-element-7e86e2e e-con e-atomic-element e-flexbox-base e-7e86e2e-4e2923a\" data-id=\"7e86e2e\" data-element_type=\"e-flexbox\" data-e-type=\"e-flexbox\" data-interaction-id=\"7e86e2e\" data-e-type=\"e-flexbox\" data-id=\"7e86e2e\">\n\t\t\t\t<div class=\"elementor-element elementor-element-999efd0 elementor-widget elementor-widget-heading\" data-id=\"999efd0\" data-element_type=\"widget\" data-e-type=\"widget\" data-widget_type=\"heading.default\">\n\t\t\t\t\t<h2 class=\"elementor-heading-title elementor-size-default\">Samuka<\/h2>\t\t\t\t<\/div>\n\t\t\t\t<div class=\"elementor-element elementor-element-7262641 elementor-widget elementor-widget-text-editor\" data-id=\"7262641\" data-element_type=\"widget\" data-e-type=\"widget\" data-widget_type=\"text-editor.default\">\n\t\t\t\t\t\t\t\t\t<p data-start=\"55\" data-end=\"403\">\u00c9 uma obra sens\u00edvel que retrata a conviv\u00eancia de uma fam\u00edlia com o Transtorno do Espectro Autista (TEA). Inspirado em experi\u00eancias reais, o livro acompanha a trajet\u00f3ria de Samuka, mostrando seus desafios, comportamentos e formas \u00fanicas de perceber o mundo.<\/p>\t\t\t\t\t\t\t\t<\/div>\n\t\t\t\t<div class=\"elementor-element elementor-element-ff08616 elementor-align-center elementor-widget elementor-widget-button\" data-id=\"ff08616\" data-element_type=\"widget\" data-e-type=\"widget\" data-widget_type=\"button.default\">\n\t\t\t\t\t\t\t\t\t\t<a class=\"elementor-button elementor-button-link elementor-size-sm\" href=\"#\">\n\t\t\t\t\t\t<span class=\"elementor-button-content-wrapper\">\n\t\t\t\t\t\t\t\t\t<span class=\"elementor-button-text\">Leia Mais<\/span>\n\t\t\t\t\t<\/span>\n\t\t\t\t\t<\/a>\n\t\t\t\t\t\t\t\t<\/div>\n\t\t\t\t<\/div>\n\t\t\t\t<\/div>\n\t\t\t\t<div class=\"elementor-element elementor-element-bd756df e-con e-atomic-element e-flexbox-base e-bd756df-5862ca6\" data-id=\"bd756df\" data-element_type=\"e-flexbox\" data-e-type=\"e-flexbox\" data-interaction-id=\"bd756df\" data-e-type=\"e-flexbox\" data-id=\"bd756df\">\n\t\t\t\t<div class=\"elementor-element elementor-element-d1a5de5 elementor-widget elementor-widget-image\" data-id=\"d1a5de5\" data-element_type=\"widget\" data-e-type=\"widget\" data-widget_type=\"image.default\">\n\t\t\t\t\t\t\t\t\t\t\t\t\t\t\t<img decoding=\"async\" width=\"213\" height=\"300\" src=\"https:\/\/marialindalemos.com.br\/wp-content\/uploads\/2026\/04\/capa-livro-213x300.jpg\" class=\"attachment-medium size-medium wp-image-71\" alt=\"\" srcset=\"https:\/\/marialindalemos.com.br\/wp-content\/uploads\/2026\/04\/capa-livro-213x300.jpg 213w, https:\/\/marialindalemos.com.br\/wp-content\/uploads\/2026\/04\/capa-livro.jpg 510w\" sizes=\"(max-width: 213px) 100vw, 213px\" \/>\t\t\t\t\t\t\t\t\t\t\t\t\t\t\t<\/div>\n\t\t\t\t<div class=\"elementor-element elementor-element-d5a61e8 e-con e-atomic-element e-flexbox-base e-d5a61e8-ee7a5e0\" data-id=\"d5a61e8\" data-element_type=\"e-flexbox\" data-e-type=\"e-flexbox\" data-interaction-id=\"d5a61e8\" data-e-type=\"e-flexbox\" data-id=\"d5a61e8\">\n\t\t\t\t<div class=\"elementor-element elementor-element-f8241fc elementor-widget elementor-widget-heading\" data-id=\"f8241fc\" data-element_type=\"widget\" data-e-type=\"widget\" data-widget_type=\"heading.default\">\n\t\t\t\t\t<h2 class=\"elementor-heading-title elementor-size-default\">Fragmentos para a Hist\u00f3ria de V\u00e1rzea Alegre\n<\/h2>\t\t\t\t<\/div>\n\t\t\t\t<div class=\"elementor-element elementor-element-68298d7 elementor-widget elementor-widget-text-editor\" data-id=\"68298d7\" data-element_type=\"widget\" data-e-type=\"widget\" data-widget_type=\"text-editor.default\">\n\t\t\t\t\t\t\t\t\t<p data-start=\"55\" data-end=\"403\">Trata-se de um livro singular e particular\u00edssimo, escrito com a emo\u00e7\u00e3o e o afeto, mas carregado de certezas e verdades, no que tange \u00e0 verifica\u00e7\u00e3o das fontes, ao apuro dos fatos hist\u00f3ricos, e tamb\u00e9m no pertinente \u00e0 sua disposi\u00e7\u00e3o tem\u00e1tica, t\u00e3o concatenada que se encontra a pesquisa por assuntos os mais variados, tais a forma\u00e7\u00e3o hist\u00f3rica e geogr\u00e1fica da urbe, as suas personagens, a sua vida social e a sua afirma\u00e7\u00e3o econ\u00f4mica.<\/p>\t\t\t\t\t\t\t\t<\/div>\n\t\t\t\t<div class=\"elementor-element elementor-element-6375081 elementor-align-center elementor-widget elementor-widget-button\" data-id=\"6375081\" data-element_type=\"widget\" data-e-type=\"widget\" data-widget_type=\"button.default\">\n\t\t\t\t\t\t\t\t\t\t<a class=\"elementor-button elementor-button-link elementor-size-sm\" href=\"#\">\n\t\t\t\t\t\t<span class=\"elementor-button-content-wrapper\">\n\t\t\t\t\t\t\t\t\t<span class=\"elementor-button-text\">Leia Mais<\/span>\n\t\t\t\t\t<\/span>\n\t\t\t\t\t<\/a>\n\t\t\t\t\t\t\t\t<\/div>\n\t\t\t\t<\/div>\n\t\t\t\t<\/div>\n\t\t\t\t<\/div>\n\t\t\t\t<div class=\"elementor-element elementor-element-a798298 e-con e-atomic-element e-flexbox-base e-a798298-e21faaa\" data-id=\"a798298\" data-element_type=\"e-flexbox\" data-e-type=\"e-flexbox\" data-interaction-id=\"a798298\" data-e-type=\"e-flexbox\" data-id=\"a798298\">\n\t\t\t\t<div class=\"elementor-element elementor-element-50faeea e-con e-atomic-element e-flexbox-base e-50faeea-fbd75cc\" data-id=\"50faeea\" data-element_type=\"e-flexbox\" data-e-type=\"e-flexbox\" data-interaction-id=\"50faeea\" data-e-type=\"e-flexbox\" data-id=\"50faeea\">\n\t\t\t\t<div class=\"elementor-element elementor-element-14e890e elementor-widget elementor-widget-image\" data-id=\"14e890e\" data-element_type=\"widget\" data-e-type=\"widget\" data-widget_type=\"image.default\">\n\t\t\t\t\t\t\t\t\t\t\t\t\t\t\t<img decoding=\"async\" width=\"235\" height=\"300\" src=\"https:\/\/marialindalemos.com.br\/wp-content\/uploads\/2026\/04\/Capturar3-235x300.png\" class=\"attachment-medium size-medium wp-image-78\" alt=\"\" srcset=\"https:\/\/marialindalemos.com.br\/wp-content\/uploads\/2026\/04\/Capturar3-235x300.png 235w, https:\/\/marialindalemos.com.br\/wp-content\/uploads\/2026\/04\/Capturar3.png 368w\" sizes=\"(max-width: 235px) 100vw, 235px\" \/>\t\t\t\t\t\t\t\t\t\t\t\t\t\t\t<\/div>\n\t\t\t\t<div class=\"elementor-element elementor-element-b7b6ec2 e-con e-atomic-element e-flexbox-base e-b7b6ec2-c8ef81f\" data-id=\"b7b6ec2\" data-element_type=\"e-flexbox\" data-e-type=\"e-flexbox\" data-interaction-id=\"b7b6ec2\" data-e-type=\"e-flexbox\" data-id=\"b7b6ec2\">\n\t\t\t\t<div class=\"elementor-element elementor-element-e33fe07 elementor-widget elementor-widget-heading\" data-id=\"e33fe07\" data-element_type=\"widget\" data-e-type=\"widget\" data-widget_type=\"heading.default\">\n\t\t\t\t\t<h2 class=\"elementor-heading-title elementor-size-default\">Palavras que Celebram<\/h2>\t\t\t\t<\/div>\n\t\t\t\t<div class=\"elementor-element elementor-element-979f479 elementor-widget elementor-widget-text-editor\" data-id=\"979f479\" data-element_type=\"widget\" data-e-type=\"widget\" data-widget_type=\"text-editor.default\">\n\t\t\t\t\t\t\t\t\t<p><span data-huuid=\"2315324150678713571\"><span dir=\"auto\">A autora da obra Palavras que Celebram, a psic\u00f3loga e escritora Linda Lemos Bezerra, reuniu neste volume todos os seus textos publicados na Revista Gente de A\u00e7\u00e3o, ao longo de 22 anos de publica\u00e7\u00e3o.\u00a0<\/span><\/span><span data-huuid=\"2315324150678713820\"><span dir=\"auto\">As palavras da autora s\u00e3o agora disponibilizadas aqui, onde se percebe que escrever, para ela, \u00e9 algo refinado e seguro, \u00e0 medida que se torna evidente o dom\u00ednio que exerce sobre as express\u00f5es e as ideias.\u00a0<\/span><\/span><span data-huuid=\"2315324150678714069\"><span dir=\"auto\">Lendo-as, al\u00e9m de nos enriquecer, \u00e9 um imenso prazer.<\/span><\/span><\/p>\t\t\t\t\t\t\t\t<\/div>\n\t\t\t\t<div class=\"elementor-element elementor-element-4f4394a elementor-align-center elementor-widget elementor-widget-button\" data-id=\"4f4394a\" data-element_type=\"widget\" data-e-type=\"widget\" data-widget_type=\"button.default\">\n\t\t\t\t\t\t\t\t\t\t<a class=\"elementor-button elementor-button-link elementor-size-sm\" href=\"#\">\n\t\t\t\t\t\t<span class=\"elementor-button-content-wrapper\">\n\t\t\t\t\t\t\t\t\t<span class=\"elementor-button-text\">Leia Mais<\/span>\n\t\t\t\t\t<\/span>\n\t\t\t\t\t<\/a>\n\t\t\t\t\t\t\t\t<\/div>\n\t\t\t\t<\/div>\n\t\t\t\t<\/div>\n\t\t\t\t<div class=\"elementor-element elementor-element-c44c77e e-con e-atomic-element e-flexbox-base e-c44c77e-d573a59\" data-id=\"c44c77e\" data-element_type=\"e-flexbox\" data-e-type=\"e-flexbox\" data-interaction-id=\"c44c77e\" data-e-type=\"e-flexbox\" data-id=\"c44c77e\">\n\t\t\t\t<div class=\"elementor-element elementor-element-887887c elementor-widget elementor-widget-image\" data-id=\"887887c\" data-element_type=\"widget\" data-e-type=\"widget\" data-widget_type=\"image.default\">\n\t\t\t\t\t\t\t\t\t\t\t\t\t\t\t<img loading=\"lazy\" decoding=\"async\" width=\"223\" height=\"300\" src=\"https:\/\/marialindalemos.com.br\/wp-content\/uploads\/2026\/04\/Capturar2-223x300.png\" class=\"attachment-medium size-medium wp-image-77\" alt=\"\" srcset=\"https:\/\/marialindalemos.com.br\/wp-content\/uploads\/2026\/04\/Capturar2-223x300.png 223w, https:\/\/marialindalemos.com.br\/wp-content\/uploads\/2026\/04\/Capturar2.png 238w\" sizes=\"(max-width: 223px) 100vw, 223px\" \/>\t\t\t\t\t\t\t\t\t\t\t\t\t\t\t<\/div>\n\t\t\t\t<div class=\"elementor-element elementor-element-500fe8c e-con e-atomic-element e-flexbox-base e-500fe8c-0f20126\" data-id=\"500fe8c\" data-element_type=\"e-flexbox\" data-e-type=\"e-flexbox\" data-interaction-id=\"500fe8c\" data-e-type=\"e-flexbox\" data-id=\"500fe8c\">\n\t\t\t\t<div class=\"elementor-element elementor-element-2be4f83 elementor-widget elementor-widget-heading\" data-id=\"2be4f83\" data-element_type=\"widget\" data-e-type=\"widget\" data-widget_type=\"heading.default\">\n\t\t\t\t\t<h2 class=\"elementor-heading-title elementor-size-default\">V\u00e1rzea Alegre: Ra\u00edzes e Transforma\u00e7\u00f5es<\/h2>\t\t\t\t<\/div>\n\t\t\t\t<div class=\"elementor-element elementor-element-380382b elementor-widget elementor-widget-text-editor\" data-id=\"380382b\" data-element_type=\"widget\" data-e-type=\"widget\" data-widget_type=\"text-editor.default\">\n\t\t\t\t\t\t\t\t\t<p data-start=\"55\" data-end=\"403\">\u00a0Este \u00e9 um livro \u00fanico e muito particular, escrito com emo\u00e7\u00e3o e carinho, repleto de certezas e verdades referentes \u00e0 verifica\u00e7\u00e3o de fatos, corroborando fatos hist\u00f3ricos e sendo tamb\u00e9m pertinente \u00e0 sua organiza\u00e7\u00e3o tem\u00e1tica.<\/p>\t\t\t\t\t\t\t\t<\/div>\n\t\t\t\t<div class=\"elementor-element elementor-element-08b5fde elementor-align-center elementor-widget elementor-widget-button\" data-id=\"08b5fde\" data-element_type=\"widget\" data-e-type=\"widget\" data-widget_type=\"button.default\">\n\t\t\t\t\t\t\t\t\t\t<a class=\"elementor-button elementor-button-link elementor-size-sm\" href=\"#\">\n\t\t\t\t\t\t<span class=\"elementor-button-content-wrapper\">\n\t\t\t\t\t\t\t\t\t<span class=\"elementor-button-text\">Leia Mais<\/span>\n\t\t\t\t\t<\/span>\n\t\t\t\t\t<\/a>\n\t\t\t\t\t\t\t\t<\/div>\n\t\t\t\t<\/div>\n\t\t\t\t<\/div>\n\t\t\t\t<\/div>\n\t\t\t\t\t<\/div>\n\t\t\t\t<\/div>\n\t\t\t\t<\/div>\n\t\t","protected":false},"excerpt":{"rendered":"<p>Maria Linda Lemos Bezerra Publica\u00e7\u00f5es Pr\u00f3prias Samuka \u00c9 uma obra sens\u00edvel que retrata a conviv\u00eancia de uma fam\u00edlia com o Transtorno do Espectro Autista (TEA). Inspirado em experi\u00eancias reais, o livro acompanha a trajet\u00f3ria de Samuka, mostrando seus desafios, comportamentos e formas \u00fanicas de perceber o mundo. Leia Mais Fragmentos para a Hist\u00f3ria de V\u00e1rzea [&hellip;]<\/p>\n","protected":false},"author":1,"featured_media":0,"parent":0,"menu_order":0,"comment_status":"closed","ping_status":"closed","template":"elementor_header_footer","meta":{"footnotes":""},"class_list":["post-8","page","type-page","status-publish","hentry"],"_hostinger_reach_plugin_has_subscription_block":false,"_hostinger_reach_plugin_is_elementor":false,"_links":{"self":[{"href":"https:\/\/marialindalemos.com.br\/index.php?rest_route=\/wp\/v2\/pages\/8","targetHints":{"allow":["GET"]}}],"collection":[{"href":"https:\/\/marialindalemos.com.br\/index.php?rest_route=\/wp\/v2\/pages"}],"about":[{"href":"https:\/\/marialindalemos.com.br\/index.php?rest_route=\/wp\/v2\/types\/page"}],"author":[{"embeddable":true,"href":"https:\/\/marialindalemos.com.br\/index.php?rest_route=\/wp\/v2\/users\/1"}],"replies":[{"embeddable":true,"href":"https:\/\/marialindalemos.com.br\/index.php?rest_route=%2Fwp%2Fv2%2Fcomments&post=8"}],"version-history":[{"count":22,"href":"https:\/\/marialindalemos.com.br\/index.php?rest_route=\/wp\/v2\/pages\/8\/revisions"}],"predecessor-version":[{"id":81,"href":"https:\/\/marialindalemos.com.br\/index.php?rest_route=\/wp\/v2\/pages\/8\/revisions\/81"}],"wp:attachment":[{"href":"https:\/\/marialindalemos.com.br\/index.php?rest_route=%2Fwp%2Fv2%2Fmedia&parent=8"}],"curies":[{"name":"wp","href":"https:\/\/api.w.org\/{rel}","templated":true}]}}